{"id":751,"date":"2020-05-20T09:24:21","date_gmt":"2020-05-20T07:24:21","guid":{"rendered":"http:\/\/www.dentalairsafe.com\/?page_id=751"},"modified":"2020-06-26T16:37:27","modified_gmt":"2020-06-26T14:37:27","slug":"politique-de-confidentialite","status":"publish","type":"page","link":"https:\/\/www.medicalairsafe.com\/fr\/politique-de-confidentialite\/","title":{"rendered":"Politique De Confidentialit\u00e9"},"content":{"rendered":"<h3>INFORMATIONS SUR LE TRAITEMENT DES DONN\u00c9ES \u00c0 CARACT\u00c8RE PERSONNEL<\/h3>\n<p><span class=\"value\" data-field-type=\"text\">\u00a0<\/span><\/p>\n<h4>AUX SENS DE L&rsquo;ART. 13-14 EN CONFORMIT\u00c9 AVEC LES NORMES PR\u00c9VUES PAR LE R\u00c8GLEMENT UE 2016\/679<\/h4>\n<p><span class=\"value\" data-field-type=\"text\"><\/p>\n<p>Conform\u00e9ment au r\u00e8glement de l&rsquo;UE 2016\/679 (ci-apr\u00e8s \u00ab RGPD \u00bb) et \u00e0 la l\u00e9gislation nationale en vigueur sur la protection des donn\u00e9es \u00e0 caract\u00e8re personnel, Airsafe\u2122 by Gamma impianti srl , en tant que contr\u00f4leur de donn\u00e9es, cet avis d&rsquo;information doit \u00eatre donn\u00e9 au personnes physiques, sujets de donn\u00e9es, qui demandent \u00e0 \u00eatre inform\u00e9s des services fournis par Airsafe\u2122 by Gamma impianti srl .<\/p>\n<p>1. contr\u00f4leur de donn\u00e9es &#8211; Le contr\u00f4leur de donn\u00e9es est Airsafe\u2122 by Gamma impianti srl , avec si\u00e8ge social dansVia Stroppiana n\u00b0 15 \u00b7 10071 Borgaro (TO) Italy, code fiscal et n \u00b0 TVA. IT05898600019, tel +39 011450 2031, fax +39 011470 3927, e-mail info@medicalairsafe.com, Site web website www.medicalairsafe.com.<br \/>\n2. Type de donn\u00e9es trait\u00e9es &#8211; Les donn\u00e9es personnelles trait\u00e9es sont collect\u00e9es directement aupr\u00e8s des personnes concern\u00e9es par le biais d&rsquo;une fonction d&rsquo;enregistrement sp\u00e9cifique disponible sur le site de Airsafe\u2122 by Gamma impianti srl . Ces informations communes sont des donn\u00e9es personnelles (nom de famille et pr\u00e9nom, etc.) et des coordonn\u00e9es (num\u00e9ro de t\u00e9l\u00e9phone, adresse \u00e9lectronique, etc.). Airsafe\u2122 by Gamma impianti srl  ne traite pas de donn\u00e9es \u00ab\u00a0sensibles\u00a0\u00bb ou \u00ab\u00a0priv\u00e9es\u00a0\u00bb (Voir l&rsquo;article 9 de la RGPD), le cas \u00e9ch\u00e9ant, le consentement pr\u00e9alable sera demand\u00e9.<br \/>\nLe traitement des donn\u00e9es pour chacune des finalit\u00e9s indiqu\u00e9es ci-dessous peut \u00eatre effectu\u00e9 sous forme papier, automatis\u00e9e ou \u00e9lectronique et, en particulier, par courrier ordinaire ou par courriel, par t\u00e9l\u00e9phone (par exemple, appels automatis\u00e9s, SMS, MMS), par t\u00e9l\u00e9copie et par tout autre canal informatique (p. ex. sites Web, applications mobiles).<br \/>\n3. Finalit\u00e9s, fondement juridique du traitement et obligation de fournir des donn\u00e9es-Airsafe\u2122 by Gamma impianti srl  traite les donn\u00e9es personnelles fournies aux fins suivantes:<br \/>\na) \u00e0 des fins \u00e9troitement li\u00e9es et instrumentales \u00e0 la gestion et \u00e0 l&rsquo;ex\u00e9cution des relations avec la client\u00e8le, telles que la gestion et l&rsquo;ex\u00e9cution du contrat, l&rsquo;assistance fournie par rapport aux services de Airsafe\u2122 by Gamma impianti srl  (par exemple, l&rsquo;acquisition d&rsquo;informations avant la conclusion d&rsquo;un contrat, la prestation de services, la gestion des demandes de d\u00e9veloppement, etc.). La fourniture de donn\u00e9es \u00e0 caract\u00e8re personnel \u00e0 ces fins et son traitement est n\u00e9cessaire dans la mesure o\u00f9 les employ\u00e9s du client et les entrepreneurs estiment qu&rsquo;il est n\u00e9cessaire de le fournir \u00e0 Airsafe\u2122 by Gamma impianti srl  pour assurer l&rsquo;efficacit\u00e9 des activit\u00e9s pr\u00e9contractuelles, l&rsquo;offre et le soutien effectu\u00e9s by Airsafe\u2122 by Gamma impianti srl  lui-m\u00eame. Ces op\u00e9rations de traitement ne n\u00e9cessitent pas le consentement de la mati\u00e8re concern\u00e9e. La base juridique pour le traitement est la n\u00e9cessit\u00e9 d&rsquo;ex\u00e9cuter le contrat conclu avec Airsafe\u2122 by Gamma impianti srl .<br \/>\nb) Informations commerciales, offre de services de Airsafe\u2122 by Gamma impianti srl ; la fourniture de donn\u00e9es \u00e0 caract\u00e8re personnel \u00e0 ces fins n&rsquo;est pas obligatoire et le traitement relatif n\u00e9cessite le consentement des personnes concern\u00e9es. Le d\u00e9faut de fournir le consentement n&rsquo;affectera pas la satisfaction de vos demandes \u00e9tant satisfaites mais rendra impossible pour le contr\u00f4leur de donn\u00e9es de vous envoyer des communications de vente; la base juridique du traitement est identifi\u00e9e dans le consentement fourni par vous;<br \/>\nc) de traiter les donn\u00e9es personnelles en possession du contr\u00f4leur des donn\u00e9es relatives aux pr\u00e9f\u00e9rences et aux habitudes d&rsquo;utilisation des services fournis; Il est en effet dans l&rsquo;int\u00e9r\u00eat du contr\u00f4leur des donn\u00e9es d&rsquo;offrir des services sp\u00e9cifiquement identifi\u00e9s et de r\u00e9pondre ainsi aux besoins actuels et futurs des clients; la fourniture de donn\u00e9es \u00e0 cette fin n&rsquo;est pas obligatoire et son traitement exige le consentement des personnes concern\u00e9es. Le d\u00e9faut de fournir le consentement emp\u00eachera le contr\u00f4leur des donn\u00e9es d&rsquo;identifier les services adapt\u00e9s \u00e0 ses besoins exprim\u00e9s, la base juridique pour le traitement est identifi\u00e9e dans le consentement fourni par vous;<br \/>\nd) de communiquer les donn\u00e9es aux entreprises li\u00e9es ou connect\u00e9es \u00e0 Airsafe\u2122 by Gamma impianti srl , ainsi qu&rsquo;aux soci\u00e9t\u00e9s partenaires de la soci\u00e9t\u00e9 appartenant aux secteurs connexes, qui seront en mesure de traiter les donn\u00e9es pour envoyer commercial et\/ou communications promotionnelles sur les produits et services des entreprises susmentionn\u00e9es, ainsi que pour r\u00e9aliser des \u00e9tudes de march\u00e9 (\u00ab\u00a0marketing de tiers\u00a0\u00bb). Le traitement des donn\u00e9es pour chacune des finalit\u00e9s ci-dessus peut \u00eatre effectu\u00e9 de la mani\u00e8re pr\u00e9vue avec le consentement de la mati\u00e8re concern\u00e9e.<br \/>\n4. cat\u00e9gories pour les destinataires de donn\u00e9es \u00e0 caract\u00e8re personnel: les donn\u00e9es \u00e0 caract\u00e8re personnel, dans les limites et aux fins indiqu\u00e9es, peuvent \u00eatre communiqu\u00e9es ou venir \u00e0 la connaissance et donc \u00eatre trait\u00e9es par:<br \/>\nA. employ\u00e9s de Airsafe\u2122 by Gamma impianti srl  qui sont express\u00e9ment nomm\u00e9s (marketing, technique, etc.);<br \/>\nB. consultants de Airsafe\u2122 by Gamma impianti srl , des entreprises qui fournissent des services informatiques (gestion de sites Web, services Internet, etc.), \u00e9ventuellement en leur qualit\u00e9 de contr\u00f4leurs externes,<br \/>\nC. les sujets qui peuvent acc\u00e9der aux donn\u00e9es en vertu de la Loi, ou de la l\u00e9gislation de l&rsquo;UE, dans les limites pr\u00e9vues par la Loi;<\/p>\n<p>La liste compl\u00e8te des destinataires est disponible au si\u00e8ge social du contr\u00f4leur de donn\u00e9es.<\/p>\n<p>5. P\u00e9riode de conservation des donn\u00e9es : les donn\u00e9es personnelles en question sont trait\u00e9es pour un maximum de 2 ans.<\/p>\n<p>6. Transfert de donn\u00e9es vers l\u2019\u00e9tranger : les donn\u00e9es sont trait\u00e9es exclusivement dans l&rsquo;espace \u00e9conomique europ\u00e9en (EEE).<\/p>\n<p>7. Prise de d\u00e9cision automatis\u00e9e : la prise de d\u00e9cision automatis\u00e9e est exclue.<\/p>\n<p>8. droits des personnes concern\u00e9es: le contr\u00f4leur de donn\u00e9es informe que, en ce qui concerne les donn\u00e9es fournies, la personne physique qui op\u00e8re au nom et pour le compte des clients de Airsafe\u2122 by Gamma impianti srl  a les droits suivants:<br \/>\nA. de l&rsquo;acc\u00e8s (article 15 du r\u00e8glement);<br \/>\nB. de rectification ou d&rsquo;annulation de donn\u00e9es \u00e0 caract\u00e8re personnel (Articles 16 et 17 du r\u00e8glement);<br \/>\nC. de la limitation du traitement (article 18 du r\u00e8glement);<br \/>\nD. d&rsquo;opposition au traitement (article 21 du r\u00e8glement);<br \/>\nE. de la transf\u00e9rabilit\u00e9 des donn\u00e9es \u00e9lectroniques soumises au traitement automatis\u00e9 (article 20 du r\u00e8glement);<br \/>\nF. de d\u00e9poser une plainte aupr\u00e8s de l&rsquo;autorit\u00e9 de surveillance-garant de la protection de la vie priv\u00e9e (article 77 du r\u00e8glement).<br \/>\nG. du retrait du consentement (conform\u00e9ment \u00e0 l&rsquo;article 7 du r\u00e8glement)<\/p>\n<p>9. Informations de contact : pour toute clarification et pour exercer leurs droits, les personnes concern\u00e9es peuvent contacter le contr\u00f4leur de donn\u00e9es en \u00e9crivant \u00e0:<\/p>\n<p>Airsafe\u2122 by Gamma impianti srl <br \/>\nVia Stroppiana n\u00b0 15 \u00b7 10071 Borgaro (TO) Italy<br \/>\nou en \u00e9crivant un email \u00e0: info@medicalairsafe.com<\/span><\/p>\n","protected":false},"excerpt":{"rendered":"<p>INFORMATIONS SUR LE TRAITEMENT DES DONN\u00c9ES \u00c0 CARACT\u00c8RE PERSONNEL \u00a0 AUX SENS DE L&rsquo;ART. 13-14 EN CONFORMIT\u00c9 AVEC LES NORMES PR\u00c9VUES PAR LE R\u00c8GLEMENT UE 2016\/679 Conform\u00e9ment au r\u00e8glement de l&rsquo;UE 2016\/679 (ci-apr\u00e8s \u00ab RGPD \u00bb) et \u00e0 la l\u00e9gislation nationale en vigueur sur la protection des donn\u00e9es \u00e0 caract\u00e8re personnel, , en tant que [&hellip;]<\/p>\n","protected":false},"author":1,"featured_media":0,"parent":0,"menu_order":15,"comment_status":"closed","ping_status":"open","template":"","meta":{"_acf_changed":false,"footnotes":""},"class_list":["post-751","page","type-page","status-publish","hentry"],"acf":[],"yoast_head":"<!-- This site is optimized with the Yoast SEO plugin v27.1.1 - https:\/\/yoast.com\/product\/yoast-seo-wordpress\/ -->\n<title>Politique De Confidentialit\u00e9 - MedicalAirSafe<\/title>\n<meta name=\"robots\" content=\"index, follow, max-snippet:-1, max-image-preview:large, max-video-preview:-1\" \/>\n<link rel=\"canonical\" href=\"https:\/\/www.medicalairsafe.com\/privacy-policy\/\" \/>\n<meta property=\"og:locale\" content=\"fr_FR\" \/>\n<meta property=\"og:type\" content=\"article\" \/>\n<meta property=\"og:title\" content=\"Politique De Confidentialit\u00e9 - MedicalAirSafe\" \/>\n<meta property=\"og:description\" content=\"INFORMATIONS SUR LE TRAITEMENT DES DONN\u00c9ES \u00c0 CARACT\u00c8RE PERSONNEL \u00a0 AUX SENS DE L&rsquo;ART. 13-14 EN CONFORMIT\u00c9 AVEC LES NORMES PR\u00c9VUES PAR LE R\u00c8GLEMENT UE 2016\/679 Conform\u00e9ment au r\u00e8glement de l&rsquo;UE 2016\/679 (ci-apr\u00e8s \u00ab RGPD \u00bb) et \u00e0 la l\u00e9gislation nationale en vigueur sur la protection des donn\u00e9es \u00e0 caract\u00e8re personnel, , en tant que [&hellip;]\" \/>\n<meta property=\"og:url\" content=\"https:\/\/www.medicalairsafe.com\/privacy-policy\/\" \/>\n<meta property=\"og:site_name\" content=\"MedicalAirSafe\" \/>\n<meta property=\"article:modified_time\" content=\"2020-06-26T14:37:27+00:00\" \/>\n<meta name=\"twitter:card\" content=\"summary_large_image\" \/>\n<meta name=\"twitter:label1\" content=\"Dur\u00e9e de lecture estim\u00e9e\" \/>\n\t<meta name=\"twitter:data1\" content=\"6 minutes\" \/>\n<script type=\"application\/ld+json\" class=\"yoast-schema-graph\">{\"@context\":\"https:\/\/schema.org\",\"@graph\":[{\"@type\":\"WebPage\",\"@id\":\"https:\/\/www.medicalairsafe.com\/privacy-policy\/\",\"url\":\"https:\/\/www.medicalairsafe.com\/privacy-policy\/\",\"name\":\"Politique De Confidentialit\u00e9 - MedicalAirSafe\",\"isPartOf\":{\"@id\":\"https:\/\/www.medicalairsafe.com\/#website\"},\"datePublished\":\"2020-05-20T07:24:21+00:00\",\"dateModified\":\"2020-06-26T14:37:27+00:00\",\"breadcrumb\":{\"@id\":\"https:\/\/www.medicalairsafe.com\/privacy-policy\/#breadcrumb\"},\"inLanguage\":\"fr-FR\",\"potentialAction\":[{\"@type\":\"ReadAction\",\"target\":[\"https:\/\/www.medicalairsafe.com\/privacy-policy\/\"]}]},{\"@type\":\"BreadcrumbList\",\"@id\":\"https:\/\/www.medicalairsafe.com\/privacy-policy\/#breadcrumb\",\"itemListElement\":[{\"@type\":\"ListItem\",\"position\":1,\"name\":\"Home\",\"item\":\"https:\/\/www.medicalairsafe.com\/\"},{\"@type\":\"ListItem\",\"position\":2,\"name\":\"Politique De Confidentialit\u00e9\"}]},{\"@type\":\"WebSite\",\"@id\":\"https:\/\/www.medicalairsafe.com\/#website\",\"url\":\"https:\/\/www.medicalairsafe.com\/\",\"name\":\"MedicalAirSafe\",\"description\":\"\",\"publisher\":{\"@id\":\"https:\/\/www.medicalairsafe.com\/#organization\"},\"potentialAction\":[{\"@type\":\"SearchAction\",\"target\":{\"@type\":\"EntryPoint\",\"urlTemplate\":\"https:\/\/www.medicalairsafe.com\/?s={search_term_string}\"},\"query-input\":{\"@type\":\"PropertyValueSpecification\",\"valueRequired\":true,\"valueName\":\"search_term_string\"}}],\"inLanguage\":\"fr-FR\"},{\"@type\":\"Organization\",\"@id\":\"https:\/\/www.medicalairsafe.com\/#organization\",\"name\":\"Airsafe\",\"url\":\"https:\/\/www.medicalairsafe.com\/\",\"logo\":{\"@type\":\"ImageObject\",\"inLanguage\":\"fr-FR\",\"@id\":\"https:\/\/www.medicalairsafe.com\/#\/schema\/logo\/image\/\",\"url\":\"https:\/\/www.medicalairsafe.com\/wp-content\/uploads\/2020\/06\/logo-admin.png\",\"contentUrl\":\"https:\/\/www.medicalairsafe.com\/wp-content\/uploads\/2020\/06\/logo-admin.png\",\"width\":195,\"height\":40,\"caption\":\"Airsafe\"},\"image\":{\"@id\":\"https:\/\/www.medicalairsafe.com\/#\/schema\/logo\/image\/\"}}]}<\/script>\n<!-- \/ Yoast SEO plugin. -->","yoast_head_json":{"title":"Politique De Confidentialit\u00e9 - MedicalAirSafe","robots":{"index":"index","follow":"follow","max-snippet":"max-snippet:-1","max-image-preview":"max-image-preview:large","max-video-preview":"max-video-preview:-1"},"canonical":"https:\/\/www.medicalairsafe.com\/privacy-policy\/","og_locale":"fr_FR","og_type":"article","og_title":"Politique De Confidentialit\u00e9 - MedicalAirSafe","og_description":"INFORMATIONS SUR LE TRAITEMENT DES DONN\u00c9ES \u00c0 CARACT\u00c8RE PERSONNEL \u00a0 AUX SENS DE L&rsquo;ART. 13-14 EN CONFORMIT\u00c9 AVEC LES NORMES PR\u00c9VUES PAR LE R\u00c8GLEMENT UE 2016\/679 Conform\u00e9ment au r\u00e8glement de l&rsquo;UE 2016\/679 (ci-apr\u00e8s \u00ab RGPD \u00bb) et \u00e0 la l\u00e9gislation nationale en vigueur sur la protection des donn\u00e9es \u00e0 caract\u00e8re personnel, , en tant que [&hellip;]","og_url":"https:\/\/www.medicalairsafe.com\/privacy-policy\/","og_site_name":"MedicalAirSafe","article_modified_time":"2020-06-26T14:37:27+00:00","twitter_card":"summary_large_image","twitter_misc":{"Dur\u00e9e de lecture estim\u00e9e":"6 minutes"},"schema":{"@context":"https:\/\/schema.org","@graph":[{"@type":"WebPage","@id":"https:\/\/www.medicalairsafe.com\/privacy-policy\/","url":"https:\/\/www.medicalairsafe.com\/privacy-policy\/","name":"Politique De Confidentialit\u00e9 - MedicalAirSafe","isPartOf":{"@id":"https:\/\/www.medicalairsafe.com\/#website"},"datePublished":"2020-05-20T07:24:21+00:00","dateModified":"2020-06-26T14:37:27+00:00","breadcrumb":{"@id":"https:\/\/www.medicalairsafe.com\/privacy-policy\/#breadcrumb"},"inLanguage":"fr-FR","potentialAction":[{"@type":"ReadAction","target":["https:\/\/www.medicalairsafe.com\/privacy-policy\/"]}]},{"@type":"BreadcrumbList","@id":"https:\/\/www.medicalairsafe.com\/privacy-policy\/#breadcrumb","itemListElement":[{"@type":"ListItem","position":1,"name":"Home","item":"https:\/\/www.medicalairsafe.com\/"},{"@type":"ListItem","position":2,"name":"Politique De Confidentialit\u00e9"}]},{"@type":"WebSite","@id":"https:\/\/www.medicalairsafe.com\/#website","url":"https:\/\/www.medicalairsafe.com\/","name":"MedicalAirSafe","description":"","publisher":{"@id":"https:\/\/www.medicalairsafe.com\/#organization"},"potentialAction":[{"@type":"SearchAction","target":{"@type":"EntryPoint","urlTemplate":"https:\/\/www.medicalairsafe.com\/?s={search_term_string}"},"query-input":{"@type":"PropertyValueSpecification","valueRequired":true,"valueName":"search_term_string"}}],"inLanguage":"fr-FR"},{"@type":"Organization","@id":"https:\/\/www.medicalairsafe.com\/#organization","name":"Airsafe","url":"https:\/\/www.medicalairsafe.com\/","logo":{"@type":"ImageObject","inLanguage":"fr-FR","@id":"https:\/\/www.medicalairsafe.com\/#\/schema\/logo\/image\/","url":"https:\/\/www.medicalairsafe.com\/wp-content\/uploads\/2020\/06\/logo-admin.png","contentUrl":"https:\/\/www.medicalairsafe.com\/wp-content\/uploads\/2020\/06\/logo-admin.png","width":195,"height":40,"caption":"Airsafe"},"image":{"@id":"https:\/\/www.medicalairsafe.com\/#\/schema\/logo\/image\/"}}]}},"_links":{"self":[{"href":"https:\/\/www.medicalairsafe.com\/fr\/wp-json\/wp\/v2\/pages\/751","targetHints":{"allow":["GET"]}}],"collection":[{"href":"https:\/\/www.medicalairsafe.com\/fr\/wp-json\/wp\/v2\/pages"}],"about":[{"href":"https:\/\/www.medicalairsafe.com\/fr\/wp-json\/wp\/v2\/types\/page"}],"author":[{"embeddable":true,"href":"https:\/\/www.medicalairsafe.com\/fr\/wp-json\/wp\/v2\/users\/1"}],"replies":[{"embeddable":true,"href":"https:\/\/www.medicalairsafe.com\/fr\/wp-json\/wp\/v2\/comments?post=751"}],"version-history":[{"count":0,"href":"https:\/\/www.medicalairsafe.com\/fr\/wp-json\/wp\/v2\/pages\/751\/revisions"}],"wp:attachment":[{"href":"https:\/\/www.medicalairsafe.com\/fr\/wp-json\/wp\/v2\/media?parent=751"}],"curies":[{"name":"wp","href":"https:\/\/api.w.org\/{rel}","templated":true}]}}